{"id":12023,"date":"2024-03-13T00:07:39","date_gmt":"2024-03-12T23:07:39","guid":{"rendered":"https:\/\/www.studiolegalemeazza.com\/?page_id=12023"},"modified":"2024-04-19T07:25:44","modified_gmt":"2024-04-19T05:25:44","slug":"professionisti","status":"publish","type":"page","link":"https:\/\/www.studiolegalemeazza.com\/en\/professionisti\/","title":{"rendered":"Professionals"},"content":{"rendered":"<section class=\"wpb-content-wrapper\"><div class=\"container-fluid row_section vc_row_p_30\"><div  class=\"vc_row wpb_row vc_row-fluid vc_custom_1710324902064 vc_row-has-fill vc_column-gap-30 vc_row-69f1a98b2ab4e668691363\"   style=' text-align:left;'><div class=\"row-overlay active\" style=\"background: #6b6b6b;background: -moz-linear-gradient(-45deg, #6b6b6b 0%, #adccff 100%);background: -webkit-linear-gradient(-45deg, #6b6b6b 0%, #adccff 100%);background: linear-gradient(135deg, #6b6b6b 0%, #adccff 100%);opacity:0.6;\"><\/div><div class=\"row-container container\"><div class=\"row-inner\"><div class=\"wpb_column vc_column_container vc_col-sm-12 vc_column_container_69f1a98b2aff9411196292\" data-csd-animation=\"levelup.slideUpIn\" data-csd-animation-delay=\"300\" data-csd-animation-duration=\"700\"><div class=\"vc_column-inner\"><div class=\"wpb_wrapper\"><div class=\"vc_empty_space  vc_empty_space_1\"   style=\"height: 65px\" ><span class=\"vc_empty_space_inner\"><\/span><\/div>\r\n<div class=\"vc_custom_heading responsive-on vc_custom_heading_69f1a98b2b410014558998\" ><h2 style=\"font-size: 75px;color: #ffffff;text-align: left;font-family:Prata;font-weight:400;font-style:normal\" class=\"vc_custom_heading_responsive responsive-h4\"><span class=\"hilight\"  >Professionals<\/span><\/h2><\/div><div class=\"vc_empty_space  vc_empty_space_2\"   style=\"height: 20px\" ><span class=\"vc_empty_space_inner\"><\/span><\/div>\r\n<div class=\"rdy_separator_69f1a98b2ba59005527699 rdy_separator normal  vc_sep_pos_align_left animate animate1\" style=\"border-color: #5e9bff;border-top-width: 1px;border-style: solid;\" data-animation-delay=\"100\"><\/div>\n<div class=\"vc_empty_space  vc_empty_space_3\"   style=\"height: 60px\" ><span class=\"vc_empty_space_inner\"><\/span><\/div>\r\n<\/div><\/div><\/div><\/div><\/div><\/div><\/div><div class=\"container row_section vc_row_cp_t_100 vc_row_cp_b_0\"><div id=\"Areecompetenza\"  class=\"vc_row wpb_row vc_row-fluid vc_column-gap-60 vc_row-69f1a98b2bcfe793702907\"   style=' text-align:left;'><div class=\"row-container container-fluid\"><div class=\"row-inner\"><div class=\"wpb_column vc_column_container vc_col-sm-12 vc_column_container_69f1a98b2be66326190133\"><div class=\"vc_column-inner\"><div class=\"wpb_wrapper\"><div class=\"vc_empty_space  vc_empty_space_4\"   style=\"height: 60px\" ><span class=\"vc_empty_space_inner\"><\/span><\/div>\r\n<div class=\"vc_custom_heading vc_custom_heading_69f1a98b2c09b912165726\" ><h2 style=\"line-height: 1.2;text-align: left\"><span class=\"hilight\"  >Professionals<\/span><\/h2><\/div><div class=\"vc_empty_space  vc_empty_space_5\"   style=\"height: 10px\" ><span class=\"vc_empty_space_inner\"><\/span><\/div>\r\n<div class=\"rdy_separator_69f1a98b2c220254005553 rdy_separator normal  vc_sep_pos_align_left animate animate1\" style=\"border-color: #5e9bff;border-top-width: 1px;border-style: solid;\" data-animation-delay=\"200\"><\/div>\n<div class=\"vc_empty_space  vc_empty_space_6\"   style=\"height: 30px\" ><span class=\"vc_empty_space_inner\"><\/span><\/div>\r\n\n\t<div class=\"wpb_text_column_7 wpb_text_column wpb_content_element\">\n\t\t<div class=\"wpb_wrapper\" >\n\t\t\t<p><span class=\"\">I Professionisti dello Studio Legale Meazza prestano un\u2019attenzione sartoriale al caso, personalizzando il servizio in base alle singole esigenze del cliente grazie a un\u2019organizzazione dinamica e professionale.<\/span><\/p>\n\n\t\t<\/div> \n\t<\/div> <div class=\"vc_empty_space  vc_empty_space_8\"   style=\"height: 40px\" ><span class=\"vc_empty_space_inner\"><\/span><\/div>\r\n\n\t<div class=\"wpb_text_column_9 wpb_text_column wpb_content_element\">\n\t\t<div class=\"wpb_wrapper\" >\n\t\t\t\n\t\t<\/div> \n\t<\/div> <div class=\"vc_empty_space  vc_empty_space_10\"   style=\"height: 60px\" ><span class=\"vc_empty_space_inner\"><\/span><\/div>\r\n<\/div><\/div><\/div><\/div><\/div><\/div><\/div><div class=\"container-fluid row_section vc_row_p_30\"><div  class=\"vc_row wpb_row vc_row-fluid vc_column-gap-60 vc_row-69f1a98b2c847739077213\"   style=' text-align:left;'><div class=\"row-container container\"><div class=\"row-inner\"><div class=\"wpb_column vc_column_container vc_col-sm-4 vc_column_container_69f1a98b2c9c5397363190\"><div class=\"vc_column-inner\"><div class=\"wpb_wrapper\">\r\n\t<div class=\"wpb_single_image wpb_single_image_11 wpb_content_element vc_align_left\">\r\n\t\t<div class=\"wpb_wrapper\">\r\n\t\t\t\r\n\t\t\t<a href=\"https:\/\/www.studiolegalemeazza.com\/en\/lorenzo-nicolo-meazza\/\" target=\"_self\"><div class=\"vc_single_image-wrapper   vc_box_border_grey\"><img loading=\"lazy\" decoding=\"async\" width=\"700\" height=\"1000\" src=\"https:\/\/www.studiolegalemeazza.com\/wp-content\/uploads\/2024\/03\/IMG_Meazza.jpg\" class=\"vc_single_image-img attachment-full\" alt=\"\" title=\"Lorenzo Nicol\u00f2 Meazza\" srcset=\"https:\/\/www.studiolegalemeazza.com\/wp-content\/uploads\/2024\/03\/IMG_Meazza.jpg 700w, https:\/\/www.studiolegalemeazza.com\/wp-content\/uploads\/2024\/03\/IMG_Meazza-210x300.jpg 210w, https:\/\/www.studiolegalemeazza.com\/wp-content\/uploads\/2024\/03\/IMG_Meazza-490x700.jpg 490w\" sizes=\"auto, (max-width: 700px) 100vw, 700px\" \/><\/div><\/a>\r\n\t\t<\/div>\r\n\t<\/div>\r\n<div class=\"vc_empty_space  vc_empty_space_12\"   style=\"height: 20px\" ><span class=\"vc_empty_space_inner\"><\/span><\/div>\r\n<div class=\"vc_custom_heading vc_custom_heading_69f1a98b2d4d2578850512\" ><h5 style=\"text-align: left;font-family:Montserrat;font-weight:400;font-style:normal\"><span class=\"hilight\"  >Lawyer<\/span><\/h5><\/div><div class=\"vc_empty_space  vc_empty_space_13\"   style=\"height: 10px\" ><span class=\"vc_empty_space_inner\"><\/span><\/div>\r\n<div class=\"vc_custom_heading vc_custom_heading_69f1a98b2d742537924969\" ><h2 style=\"line-height: 1.2;text-align: left\"><span class=\"hilight\"  >Lorenzo Nicol\u00f2<br \/>\nMeazza<\/span><\/h2><\/div><div class=\"vc_empty_space  vc_empty_space_14\"   style=\"height: 10px\" ><span class=\"vc_empty_space_inner\"><\/span><\/div>\r\n<div class=\"rdy_separator_69f1a98b2d8f4135040095 rdy_separator normal  vc_sep_pos_align_left animate animate1\" style=\"border-color: #5e9bff;border-top-width: 1px;border-style: solid;\" data-animation-delay=\"200\"><\/div>\n<div class=\"vc_empty_space  vc_empty_space_15\"   style=\"height: 20px\" ><span class=\"vc_empty_space_inner\"><\/span><\/div>\r\n\n\t<div class=\"wpb_text_column_16 wpb_text_column wpb_content_element\">\n\t\t<div class=\"wpb_wrapper\" >\n\t\t\t<p>Lorenzo Nicol\u00f2 Meazza \u00e8 avvocato penalista del Foro di Milano, Vicepresidente della Camera Penale di Milano, nonch\u00e9 componente della Commissione Giustizia Penale dell\u2019Ordine degli Avvocati di Milano e dell&#8217;Osservatorio Europa dell&#8217;Unione delle Camere Penali Italiane, gi\u00e0 membro della Commissione&#8230;<\/p>\n\n\t\t<\/div> \n\t<\/div> <div class=\"vc_empty_space  vc_empty_space_17\"   style=\"height: 40px\" ><span class=\"vc_empty_space_inner\"><\/span><\/div>\r\n<div class=\"rdy_button_align left\" ><a href=\"https:\/\/www.studiolegalemeazza.com\/en\/lorenzo-nicolo-meazza\/\"  class=\"rdy_button  no-radius uppercase medium custom outline-dimension button-18\" style=\"border-width: 2px!important; font-weight: 500; border-radius: 0px;-moz-border-radius: 0px;-webkit-border-radius: 0px; \"><span>Leggi di pi\u00f9<\/span><\/a><\/div><\/div><\/div><\/div><div class=\"wpb_column vc_column_container vc_col-sm-4 vc_column_container_69f1a98b2dc87535748387\"><div class=\"vc_column-inner\"><div class=\"wpb_wrapper\">\r\n\t<div class=\"wpb_single_image wpb_single_image_19 wpb_content_element vc_align_left\">\r\n\t\t<div class=\"wpb_wrapper\">\r\n\t\t\t\r\n\t\t\t<a href=\"https:\/\/www.studiolegalemeazza.com\/en\/olivia-de-paris\/\" target=\"_self\"><div class=\"vc_single_image-wrapper   vc_box_border_grey\"><img loading=\"lazy\" decoding=\"async\" width=\"700\" height=\"1000\" src=\"https:\/\/www.studiolegalemeazza.com\/wp-content\/uploads\/2024\/03\/IMG_DeParis.jpg\" class=\"vc_single_image-img attachment-full\" alt=\"\" title=\"Olivia De Paris\" srcset=\"https:\/\/www.studiolegalemeazza.com\/wp-content\/uploads\/2024\/03\/IMG_DeParis.jpg 700w, https:\/\/www.studiolegalemeazza.com\/wp-content\/uploads\/2024\/03\/IMG_DeParis-210x300.jpg 210w, https:\/\/www.studiolegalemeazza.com\/wp-content\/uploads\/2024\/03\/IMG_DeParis-490x700.jpg 490w\" sizes=\"auto, (max-width: 700px) 100vw, 700px\" \/><\/div><\/a>\r\n\t\t<\/div>\r\n\t<\/div>\r\n<div class=\"vc_empty_space  vc_empty_space_20\"   style=\"height: 20px\" ><span class=\"vc_empty_space_inner\"><\/span><\/div>\r\n<div class=\"vc_custom_heading vc_custom_heading_69f1a98b2e55d168834422\" ><h5 style=\"text-align: left;font-family:Montserrat;font-weight:400;font-style:normal\"><span class=\"hilight\"  >Lawyer<\/span><\/h5><\/div><div class=\"vc_empty_space  vc_empty_space_21\"   style=\"height: 10px\" ><span class=\"vc_empty_space_inner\"><\/span><\/div>\r\n<div class=\"vc_custom_heading vc_custom_heading_69f1a98b2e761976541394\" ><h2 style=\"line-height: 1.2;text-align: left\"><span class=\"hilight\"  >Olivia<br \/>\nde Paris<\/span><\/h2><\/div><div class=\"vc_empty_space  vc_empty_space_22\"   style=\"height: 10px\" ><span class=\"vc_empty_space_inner\"><\/span><\/div>\r\n<div class=\"rdy_separator_69f1a98b2e8e0109946270 rdy_separator normal  vc_sep_pos_align_left animate animate1\" style=\"border-color: #5e9bff;border-top-width: 1px;border-style: solid;\" data-animation-delay=\"200\"><\/div>\n<div class=\"vc_empty_space  vc_empty_space_23\"   style=\"height: 20px\" ><span class=\"vc_empty_space_inner\"><\/span><\/div>\r\n\n\t<div class=\"wpb_text_column_24 wpb_text_column wpb_content_element\">\n\t\t<div class=\"wpb_wrapper\" >\n\t\t\t<p>Olivia de Paris svolge la propria attivit\u00e0 professionale con sede a Milano e Firenze. Si occupa di diritto penale, con particolare\u00a0<em>tax criminal law<\/em>\u00a0in diritto penale dell\u2019economia, diritto penale tributario e responsabilit\u00e0 amministrativa degli enti\u00a0<em>about<\/em> D.Lgs. 231\/2001. Assiste persone fisiche e giuridiche&#8230;<\/p>\n\n\t\t<\/div> \n\t<\/div> <div class=\"vc_empty_space  vc_empty_space_25\"   style=\"height: 40px\" ><span class=\"vc_empty_space_inner\"><\/span><\/div>\r\n<div class=\"rdy_button_align left\" ><a href=\"https:\/\/www.studiolegalemeazza.com\/en\/olivia-de-paris\/\"  class=\"rdy_button  no-radius uppercase medium custom outline-dimension button-26\" style=\"border-width: 2px!important; font-weight: 500; border-radius: 0px;-moz-border-radius: 0px;-webkit-border-radius: 0px; \"><span>Leggi di pi\u00f9<\/span><\/a><\/div><\/div><\/div><\/div><div class=\"wpb_column vc_column_container vc_col-sm-4 vc_column_container_69f1a98b2ec55432156590\"><div class=\"vc_column-inner\"><div class=\"wpb_wrapper\">\r\n\t<div class=\"wpb_single_image wpb_single_image_27 wpb_content_element vc_align_left\">\r\n\t\t<div class=\"wpb_wrapper\">\r\n\t\t\t\r\n\t\t\t<a href=\"https:\/\/www.studiolegalemeazza.com\/en\/arianna-filisetti\/\" target=\"_self\"><div class=\"vc_single_image-wrapper   vc_box_border_grey\"><img loading=\"lazy\" decoding=\"async\" width=\"700\" height=\"1000\" src=\"https:\/\/www.studiolegalemeazza.com\/wp-content\/uploads\/2024\/03\/IMG_Filisetti-e1710522203632.jpg\" class=\"vc_single_image-img attachment-full\" alt=\"\" title=\"Arianna Filisetti\" srcset=\"https:\/\/www.studiolegalemeazza.com\/wp-content\/uploads\/2024\/03\/IMG_Filisetti-e1710522203632.jpg 700w, https:\/\/www.studiolegalemeazza.com\/wp-content\/uploads\/2024\/03\/IMG_Filisetti-e1710522203632-210x300.jpg 210w, https:\/\/www.studiolegalemeazza.com\/wp-content\/uploads\/2024\/03\/IMG_Filisetti-e1710522203632-490x700.jpg 490w\" sizes=\"auto, (max-width: 700px) 100vw, 700px\" \/><\/div><\/a>\r\n\t\t<\/div>\r\n\t<\/div>\r\n<div class=\"vc_empty_space  vc_empty_space_28\"   style=\"height: 20px\" ><span class=\"vc_empty_space_inner\"><\/span><\/div>\r\n<div class=\"vc_custom_heading vc_custom_heading_69f1a98b2f4e3632040424\" ><h5 style=\"text-align: left;font-family:Montserrat;font-weight:400;font-style:normal\"><span class=\"hilight\"  >Trainee lawyer<\/span><\/h5><\/div><div class=\"vc_empty_space  vc_empty_space_29\"   style=\"height: 10px\" ><span class=\"vc_empty_space_inner\"><\/span><\/div>\r\n<div class=\"vc_custom_heading vc_custom_heading_69f1a98b2f6ea516590368\" ><h2 style=\"line-height: 1.2;text-align: left\"><span class=\"hilight\"  >Arianna<br \/>\nFilisetti<\/span><\/h2><\/div><div class=\"vc_empty_space  vc_empty_space_30\"   style=\"height: 10px\" ><span class=\"vc_empty_space_inner\"><\/span><\/div>\r\n<div class=\"rdy_separator_69f1a98b2f870396212395 rdy_separator normal  vc_sep_pos_align_left animate animate1\" style=\"border-color: #5e9bff;border-top-width: 1px;border-style: solid;\" data-animation-delay=\"200\"><\/div>\n<div class=\"vc_empty_space  vc_empty_space_31\"   style=\"height: 20px\" ><span class=\"vc_empty_space_inner\"><\/span><\/div>\r\n\n\t<div class=\"wpb_text_column_32 wpb_text_column wpb_content_element\">\n\t\t<div class=\"wpb_wrapper\" >\n\t\t\t<p>La dottoressa Arianna Filisetti \u00e8 praticante presso lo Studio Legale Meazza da luglio 2023. Nel novembre 2023 ha conseguito l\u2019abilitazione al Patrocinio sostitutivo. Nata a Bergamo dopo essersi diplomata presso il Liceo Linguistico Giovanni Falcone, ha conseguito nel 2023 la laurea in Giurisprudenza&#8230;<\/p>\n\n\t\t<\/div> \n\t<\/div> <div class=\"vc_empty_space  vc_empty_space_33\"   style=\"height: 40px\" ><span class=\"vc_empty_space_inner\"><\/span><\/div>\r\n<div class=\"rdy_button_align left\" ><a href=\"https:\/\/www.studiolegalemeazza.com\/en\/arianna-filisetti\/\"  class=\"rdy_button  no-radius uppercase medium custom outline-dimension button-34\" style=\"border-width: 2px!important; font-weight: 500; border-radius: 0px;-moz-border-radius: 0px;-webkit-border-radius: 0px; \"><span>Leggi di pi\u00f9<\/span><\/a><\/div><\/div><\/div><\/div><\/div><\/div><\/div><\/div><div class=\"container row_section vc_row_p_30\"><div  class=\"vc_row wpb_row vc_row-fluid vc_column-gap-30 vc_row-69f1a98b2fd1d946936331\"   style=' text-align:left;'><div class=\"row-container container-fluid\"><div class=\"row-inner\"><div class=\"wpb_column vc_column_container vc_col-sm-12 vc_column_container_69f1a98b2fe7b354286311\"><div class=\"vc_column-inner\"><div class=\"wpb_wrapper\"><div class=\"vc_empty_space  vc_empty_space_35\"   style=\"height: 60px\" ><span class=\"vc_empty_space_inner\"><\/span><\/div>\r\n<\/div><\/div><\/div><\/div><\/div><\/div><\/div>\n<\/section>","protected":false},"excerpt":{"rendered":"Professionisti I Professionisti dello Studio I Professionisti dello Studio Legale Meazza prestano un\u2019attenzione sartoriale al caso, personalizzando il servizio in base alle singole esigenze del cliente grazie a un\u2019organizzazione dinamica [...]","protected":false},"author":2,"featured_media":0,"parent":0,"menu_order":0,"comment_status":"closed","ping_status":"closed","template":"","meta":{"footnotes":""},"class_list":["post-12023","page","type-page","status-publish","hentry"],"yoast_head":"<!-- This site is optimized with the Yoast SEO plugin v22.2 - https:\/\/yoast.com\/wordpress\/plugins\/seo\/ -->\n<title>Professionisti - Studio Legale Meazza<\/title>\n<meta name=\"robots\" content=\"index, follow, max-snippet:-1, max-image-preview:large, max-video-preview:-1\" \/>\n<link rel=\"canonical\" href=\"https:\/\/www.studiolegalemeazza.com\/en\/professionisti\/\" \/>\n<meta property=\"og:locale\" content=\"en_US\" \/>\n<meta property=\"og:type\" content=\"article\" \/>\n<meta property=\"og:title\" content=\"Professionisti - Studio Legale Meazza\" \/>\n<meta property=\"og:url\" content=\"https:\/\/www.studiolegalemeazza.com\/en\/professionisti\/\" \/>\n<meta property=\"og:site_name\" content=\"Studio Legale Meazza\" \/>\n<meta property=\"article:modified_time\" content=\"2024-04-19T05:25:44+00:00\" \/>\n<meta name=\"twitter:card\" content=\"summary_large_image\" \/>\n<meta name=\"twitter:label1\" content=\"Est. reading time\" \/>\n\t<meta name=\"twitter:data1\" content=\"3 minutes\" \/>\n<script type=\"application\/ld+json\" class=\"yoast-schema-graph\">{\"@context\":\"https:\/\/schema.org\",\"@graph\":[{\"@type\":\"WebPage\",\"@id\":\"https:\/\/www.studiolegalemeazza.com\/professionisti\/\",\"url\":\"https:\/\/www.studiolegalemeazza.com\/professionisti\/\",\"name\":\"Professionisti - Studio Legale Meazza\",\"isPartOf\":{\"@id\":\"https:\/\/www.studiolegalemeazza.com\/#website\"},\"datePublished\":\"2024-03-12T23:07:39+00:00\",\"dateModified\":\"2024-04-19T05:25:44+00:00\",\"breadcrumb\":{\"@id\":\"https:\/\/www.studiolegalemeazza.com\/professionisti\/#breadcrumb\"},\"inLanguage\":\"en-US\",\"potentialAction\":[{\"@type\":\"ReadAction\",\"target\":[\"https:\/\/www.studiolegalemeazza.com\/professionisti\/\"]}]},{\"@type\":\"BreadcrumbList\",\"@id\":\"https:\/\/www.studiolegalemeazza.com\/professionisti\/#breadcrumb\",\"itemListElement\":[{\"@type\":\"ListItem\",\"position\":1,\"name\":\"Home\",\"item\":\"https:\/\/www.studiolegalemeazza.com\/\"},{\"@type\":\"ListItem\",\"position\":2,\"name\":\"Professionisti\"}]},{\"@type\":\"WebSite\",\"@id\":\"https:\/\/www.studiolegalemeazza.com\/#website\",\"url\":\"https:\/\/www.studiolegalemeazza.com\/\",\"name\":\"Studio Legale Meazza\",\"description\":\"\",\"potentialAction\":[{\"@type\":\"SearchAction\",\"target\":{\"@type\":\"EntryPoint\",\"urlTemplate\":\"https:\/\/www.studiolegalemeazza.com\/?s={search_term_string}\"},\"query-input\":\"required name=search_term_string\"}],\"inLanguage\":\"en-US\"}]}<\/script>\n<!-- \/ Yoast SEO plugin. -->","yoast_head_json":{"title":"Professionisti - Studio Legale Meazza","robots":{"index":"index","follow":"follow","max-snippet":"max-snippet:-1","max-image-preview":"max-image-preview:large","max-video-preview":"max-video-preview:-1"},"canonical":"https:\/\/www.studiolegalemeazza.com\/en\/professionisti\/","og_locale":"en_US","og_type":"article","og_title":"Professionisti - Studio Legale Meazza","og_url":"https:\/\/www.studiolegalemeazza.com\/en\/professionisti\/","og_site_name":"Studio Legale Meazza","article_modified_time":"2024-04-19T05:25:44+00:00","twitter_card":"summary_large_image","twitter_misc":{"Est. reading time":"3 minutes"},"schema":{"@context":"https:\/\/schema.org","@graph":[{"@type":"WebPage","@id":"https:\/\/www.studiolegalemeazza.com\/professionisti\/","url":"https:\/\/www.studiolegalemeazza.com\/professionisti\/","name":"Professionisti - Studio Legale Meazza","isPartOf":{"@id":"https:\/\/www.studiolegalemeazza.com\/#website"},"datePublished":"2024-03-12T23:07:39+00:00","dateModified":"2024-04-19T05:25:44+00:00","breadcrumb":{"@id":"https:\/\/www.studiolegalemeazza.com\/professionisti\/#breadcrumb"},"inLanguage":"en-US","potentialAction":[{"@type":"ReadAction","target":["https:\/\/www.studiolegalemeazza.com\/professionisti\/"]}]},{"@type":"BreadcrumbList","@id":"https:\/\/www.studiolegalemeazza.com\/professionisti\/#breadcrumb","itemListElement":[{"@type":"ListItem","position":1,"name":"Home","item":"https:\/\/www.studiolegalemeazza.com\/"},{"@type":"ListItem","position":2,"name":"Professionisti"}]},{"@type":"WebSite","@id":"https:\/\/www.studiolegalemeazza.com\/#website","url":"https:\/\/www.studiolegalemeazza.com\/","name":"Studio Legale Meazza","description":"","potentialAction":[{"@type":"SearchAction","target":{"@type":"EntryPoint","urlTemplate":"https:\/\/www.studiolegalemeazza.com\/?s={search_term_string}"},"query-input":"required name=search_term_string"}],"inLanguage":"en-US"}]}},"_links":{"self":[{"href":"https:\/\/www.studiolegalemeazza.com\/en\/wp-json\/wp\/v2\/pages\/12023","targetHints":{"allow":["GET"]}}],"collection":[{"href":"https:\/\/www.studiolegalemeazza.com\/en\/wp-json\/wp\/v2\/pages"}],"about":[{"href":"https:\/\/www.studiolegalemeazza.com\/en\/wp-json\/wp\/v2\/types\/page"}],"author":[{"embeddable":true,"href":"https:\/\/www.studiolegalemeazza.com\/en\/wp-json\/wp\/v2\/users\/2"}],"replies":[{"embeddable":true,"href":"https:\/\/www.studiolegalemeazza.com\/en\/wp-json\/wp\/v2\/comments?post=12023"}],"version-history":[{"count":69,"href":"https:\/\/www.studiolegalemeazza.com\/en\/wp-json\/wp\/v2\/pages\/12023\/revisions"}],"predecessor-version":[{"id":12546,"href":"https:\/\/www.studiolegalemeazza.com\/en\/wp-json\/wp\/v2\/pages\/12023\/revisions\/12546"}],"wp:attachment":[{"href":"https:\/\/www.studiolegalemeazza.com\/en\/wp-json\/wp\/v2\/media?parent=12023"}],"curies":[{"name":"wp","href":"https:\/\/api.w.org\/{rel}","templated":true}]}}