{"id":12137,"date":"2024-03-13T21:41:22","date_gmt":"2024-03-13T20:41:22","guid":{"rendered":"https:\/\/www.studiolegalemeazza.com\/?page_id=12137"},"modified":"2024-04-12T17:46:48","modified_gmt":"2024-04-12T15:46:48","slug":"lorenzo-nicolo-meazza","status":"publish","type":"page","link":"https:\/\/www.studiolegalemeazza.com\/en\/lorenzo-nicolo-meazza\/","title":{"rendered":"Lorenzo Nicol\u00f2 Meazza"},"content":{"rendered":"<section class=\"wpb-content-wrapper\"><div class=\"container-fluid row_section vc_row_p_30\"><div  class=\"vc_row wpb_row vc_row-fluid vc_custom_1710362653311 vc_row-has-fill vc_column-gap-30 vc_row-69f1bb8364bdd106593303\"   style=' text-align:left;'><div class=\"row-overlay active\" style=\"background: #6b6b6b;background: -moz-linear-gradient(-45deg, #6b6b6b 0%, #adccff 100%);background: -webkit-linear-gradient(-45deg, #6b6b6b 0%, #adccff 100%);background: linear-gradient(135deg, #6b6b6b 0%, #adccff 100%);opacity:0.6;\"><\/div><div class=\"row-container container\"><div class=\"row-inner\"><div class=\"wpb_column vc_column_container vc_col-sm-12 vc_column_container_69f1bb8364f3f261604698\" data-csd-animation=\"levelup.slideUpIn\" data-csd-animation-delay=\"300\" data-csd-animation-duration=\"700\"><div class=\"vc_column-inner\"><div class=\"wpb_wrapper\"><div class=\"vc_empty_space  vc_empty_space_1\"   style=\"height: 65px\" ><span class=\"vc_empty_space_inner\"><\/span><\/div>\r\n<div class=\"vc_custom_heading responsive-on vc_custom_heading_69f1bb8365329173626784\" ><h4 style=\"font-size: 30px;color: #ffffff;text-align: left;font-family:Montserrat;font-weight:400;font-style:normal\" class=\"vc_custom_heading_responsive\"><span class=\"hilight\"  >Lawyer<\/span><\/h4><\/div><div class=\"vc_empty_space  vc_empty_space_2\"   style=\"height: 30px\" ><span class=\"vc_empty_space_inner\"><\/span><\/div>\r\n<div class=\"vc_custom_heading responsive-on vc_custom_heading_69f1bb836566e534918104\" ><h2 style=\"font-size: 75px;color: #ffffff;text-align: left;font-family:Prata;font-weight:400;font-style:normal\" class=\"vc_custom_heading_responsive responsive-h4\"><span class=\"hilight\"  >Lorenzo Nicol\u00f2 Meazza<\/span><\/h2><\/div><div class=\"vc_empty_space  vc_empty_space_3\"   style=\"height: 20px\" ><span class=\"vc_empty_space_inner\"><\/span><\/div>\r\n<div class=\"rdy_separator_69f1bb836588c866643872 rdy_separator normal  vc_sep_pos_align_left animate animate1\" style=\"border-color: #5e9bff;border-top-width: 1px;border-style: solid;\" data-animation-delay=\"100\"><\/div>\n<div class=\"vc_empty_space  vc_empty_space_4\"   style=\"height: 60px\" ><span class=\"vc_empty_space_inner\"><\/span><\/div>\r\n<\/div><\/div><\/div><\/div><\/div><\/div><\/div><div class=\"container row_section vc_row_cp_t_100 vc_row_cp_b_100\"><div id=\"Areecompetenza\"  class=\"vc_row wpb_row vc_row-fluid vc_column-gap-60 vc_row-69f1bb8365b18074411788\"   style=' text-align:left;'><div class=\"row-container container-fluid\"><div class=\"row-inner\"><div class=\"wpb_column vc_column_container vc_col-sm-12 vc_column_container_69f1bb8365c73100355976\"><div class=\"vc_column-inner\"><div class=\"wpb_wrapper\"><div class=\"vc_empty_space  vc_empty_space_5\"   style=\"height: 60px\" ><span class=\"vc_empty_space_inner\"><\/span><\/div>\r\n<\/div><\/div><\/div><div class=\"wpb_column vc_column_container vc_col-sm-3\/5 vc_column_container_69f1bb8365e63358330215\"><div class=\"vc_column-inner\"><div class=\"wpb_wrapper\">\n\t<div class=\"wpb_text_column_6 wpb_text_column wpb_content_element\">\n\t\t<div class=\"wpb_wrapper\" >\n\t\t\t<p>Lorenzo Nicol\u00f2 Meazza \u00e8 avvocato penalista del Foro di Milano, Vicepresidente della Camera Penale di Milano, nonch\u00e9 componente della Commissione Giustizia Penale dell\u2019Ordine degli Avvocati di Milano e dell\u2019Osservatorio Europa dell\u2019Unione delle Camere Penali Italiane, gi\u00e0 membro della Commissione sulla responsabilit\u00e0 da reato degli enti <em>about<\/em> Legislative Decree No. 231\/2001 U.C.P.I..<\/p>\n<p>Avvocato cassazionista, iscritto dal 2022 presso l&#8217;Albo speciale per il patrocinio davanti alle giurisdizioni superiori, presta assistenza legale, giudiziale e stragiudiziale in tutti gli ambiti del diritto penale, partecipando a numerosi procedimenti di rilievo nazionale.<\/p>\n<p>Grazie ad una conoscenza approfondita in materia di responsabilit\u00e0 amministrativa degli enti, ricopre il ruolo di Presidente, componente e consulente in numerosi Organismi di Vigilanza di medie e grandi imprese (anche multinazionali e pubbliche), occupandosi altres\u00ec della redazione di Modelli di organizzazione, gestione e controllo e dell\u2019assistenza giudiziale in numerosi processi <em>about<\/em> Legislative Decree No. 231\/2001.<\/p>\n<p>Conseguita la laurea in Giurisprudenza col massimo dei voti presso l\u2019Universit\u00e0 degli Studi di Pavia nel 2009, discutendo la tesi in diritto penale dal titolo\u00a0\u201cLa responsabilit\u00e0 penale per i reati commessi a mezzo mass media\u201d.<\/p>\n<p>\u00c8 iscritto all\u2019Ordine degli Avvocati di Milano, nella cui circoscrizione svolge con prevalenza la sua attivit\u00e0 professionale, seppur patrocini anche dinanzi ad altre Autorit\u00e0 giudiziarie italiane e straniere (tra cui la Corte Europea dei Diritti dell\u2019Uomo di Strasburgo).<\/p>\n<p>Nel 2016 ha ottenuto con il massimo dei voti il diploma universitario di \u201cMaster di II livello in Diritto penale dell\u2019impresa\u201c, presso la Facolt\u00e0 di Giurisprudenza dell\u2019Universit\u00e0 Cattolica del Sacro Cuore di Milano, discutendo la tesi dal titolo \u201c<em>La responsabilit\u00e0 penale nei derivati sottoscritti dalla pubblica amministrazione<\/em>\u201d.<\/p>\n<p>Vanta, altres\u00ec, numerose collaborazioni e pubblicazioni con diverse Universit\u00e0 &#8211; italiane e svizzere -, riviste e case editrici (tra cui, Rivista della Guardia di Finanza, Associazione Organismi di Vigilanza 231, Unione Camere Penali Italiane, Pacini, Giuffr\u00e8, Maggioli, IPSOA, Wolters Kluwer, Giappichelli, Zanichelli, La Tribuna), nonch\u00e9 la partecipazione quale relatore a diversi convegni in materia penale e processual-penalistica; dal febbraio 2016 \u00e8 direttore responsabile della rivista giuridica\u00a0Giurisprudenza Penale. L\u2019avvocato Meazza \u00e8 anche iscritto dal febbraio 2009 all\u2019Albo Nazionale dei Giornalisti \u2013 Elenco Pubblicisti.<\/p>\n<p>Offre assistenza legale in italiano e inglese.<\/p>\n\n\t\t<\/div> \n\t<\/div> <\/div><\/div><\/div><div class=\"wpb_column vc_column_container vc_col-sm-2\/5 vc_col-has-fill vc_column_container_69f1bb83661cc189110633\"><div class=\"vc_column-inner vc_custom_1710362923935\"><div class=\"wpb_wrapper\"><div class=\"vc_custom_heading vc_custom_heading_69f1bb83663d0014728212\" ><h3 style=\"color: #5e9bff;text-align: left\"><span class=\"hilight\"  >Contacts<\/span><\/h3><\/div><div class=\"vc_empty_space  vc_empty_space_7\"   style=\"height: 10px\" ><span class=\"vc_empty_space_inner\"><\/span><\/div>\r\n<div class=\"rdy_separator_69f1bb83665b6684382387 rdy_separator normal  vc_sep_pos_align_left animate animate1\" style=\"border-color: #5e9bff;border-top-width: 1px;border-style: solid;\" data-animation-delay=\"100\"><\/div>\n<div class=\"vc_empty_space  vc_empty_space_8\"   style=\"height: 20px\" ><span class=\"vc_empty_space_inner\"><\/span><\/div>\r\n<div\r\n    class=\"vc_icon_element vc_icon_element-outer vc_custom_1710364264057 vc_icon_element-align-left\">\r\n    <div\r\n        class=\"vc_icon_element-inner vc_icon_element-color-custom vc_icon_element-size-sm vc_icon_element-style- vc_icon_element-background-color-grey\"><span\r\n            class=\"vc_icon_element-icon fas fa-phone-alt\" style=\"color:#5e9bff !important\"><\/span><\/div>\r\n<\/div>\n\t<div class=\"wpb_text_column_10 wpb_text_column wpb_content_element\">\n\t\t<div class=\"wpb_wrapper\" >\n\t\t\t<p>Telephone:  +39 02 59900265<\/p>\n\n\t\t<\/div> \n\t<\/div> <div class=\"vc_empty_space  vc_empty_space_11\"   style=\"height: 20px\" ><span class=\"vc_empty_space_inner\"><\/span><\/div>\r\n<div\r\n    class=\"vc_icon_element vc_icon_element-outer vc_custom_1710364302050 vc_icon_element-align-left\">\r\n    <div\r\n        class=\"vc_icon_element-inner vc_icon_element-color-custom vc_icon_element-size-sm vc_icon_element-style- vc_icon_element-background-color-grey\"><span\r\n            class=\"vc_icon_element-icon fas fa-envelope\" style=\"color:#5e9bff !important\"><\/span><\/div>\r\n<\/div>\n\t<div class=\"wpb_text_column_13 wpb_text_column wpb_content_element\">\n\t\t<div class=\"wpb_wrapper\" >\n\t\t\t<p>Email: <a href=\"mailto:l.meazza@avvocatomeazza.com\">l.meazza@avvocatomeazza.com<\/a><\/p>\n\n\t\t<\/div> \n\t<\/div> <div class=\"vc_empty_space  vc_empty_space_14\"   style=\"height: 20px\" ><span class=\"vc_empty_space_inner\"><\/span><\/div>\r\n<div\r\n    class=\"vc_icon_element vc_icon_element-outer vc_custom_1710364486825 vc_icon_element-align-left\">\r\n    <div\r\n        class=\"vc_icon_element-inner vc_icon_element-color-custom vc_icon_element-size-sm vc_icon_element-style- vc_icon_element-background-color-grey\"><span\r\n            class=\"vc_icon_element-icon fab fa-linkedin-in\" style=\"color:#5e9bff !important\"><\/span><a class=\"vc_icon_element-link\" href=\"https:\/\/www.linkedin.com\/in\/lorenzomeazza\" title=\"\" target=\"_blank\"><\/a><\/div>\r\n<\/div><\/div><\/div><\/div><div class=\"wpb_column vc_column_container vc_col-sm-12 vc_column_container_69f1bb8366eea805145614\"><div class=\"vc_column-inner\"><div class=\"wpb_wrapper\"><div class=\"vc_empty_space  vc_empty_space_16\"   style=\"height: 100px\" ><span class=\"vc_empty_space_inner\"><\/span><\/div>\r\n<div class=\"rdy_separator_69f1bb836713f354338535 rdy_separator normal  vc_sep_pos_align_center animate animate1\" style=\"border-color: #86888e;border-top-width: 1px;border-style: solid;\"><\/div>\n<\/div><\/div><\/div><\/div><\/div><\/div><\/div><div class=\"container-fluid row_section vc_row_cp_b_100\"><div  class=\"vc_row wpb_row vc_row-fluid vc_column-gap-60 vc_row-69f1bb8367424740432896\"   style=' text-align:left;'><div class=\"row-container container\"><div class=\"row-inner\"><div class=\"wpb_column vc_column_container vc_col-sm-3 vc_column_container_69f1bb8367604828384856\"><div class=\"vc_column-inner\"><div class=\"wpb_wrapper\">\r\n\t<div class=\"wpb_single_image wpb_single_image_17 wpb_content_element vc_align_left\">\r\n\t\t<div class=\"wpb_wrapper\">\r\n\t\t\t\r\n\t\t\t<div class=\"vc_single_image-wrapper   vc_box_border_grey\"><img loading=\"lazy\" decoding=\"async\" width=\"150\" height=\"150\" src=\"https:\/\/www.studiolegalemeazza.com\/wp-content\/uploads\/2024\/03\/IMG_DeParis-150x150.jpg\" class=\"vc_single_image-img attachment-thumbnail\" alt=\"\" title=\"Olivia De Paris\" srcset=\"https:\/\/www.studiolegalemeazza.com\/wp-content\/uploads\/2024\/03\/IMG_DeParis-150x150.jpg 150w, https:\/\/www.studiolegalemeazza.com\/wp-content\/uploads\/2024\/03\/IMG_DeParis-700x700.jpg 700w\" sizes=\"auto, (max-width: 150px) 100vw, 150px\" \/><\/div>\r\n\t\t<\/div>\r\n\t<\/div>\r\n<div class=\"vc_empty_space  vc_empty_space_18\"   style=\"height: 20px\" ><span class=\"vc_empty_space_inner\"><\/span><\/div>\r\n<div class=\"vc_custom_heading vc_custom_heading_69f1bb8367fc2982835548\" ><h6 style=\"text-align: left;font-family:Montserrat;font-weight:400;font-style:normal\"><span class=\"hilight\"  >Lawyer<\/span><\/h6><\/div><div class=\"vc_empty_space  vc_empty_space_19\"   style=\"height: 10px\" ><span class=\"vc_empty_space_inner\"><\/span><\/div>\r\n<div class=\"vc_custom_heading vc_custom_heading_69f1bb8368233337951027\" ><h4 style=\"line-height: 1.2;text-align: left\"><span class=\"hilight\"  >Olivia<br \/>\nde Paris<\/span><\/h4><\/div><div class=\"vc_empty_space  vc_empty_space_20\"   style=\"height: 10px\" ><span class=\"vc_empty_space_inner\"><\/span><\/div>\r\n<div class=\"rdy_separator_69f1bb83683ce789337877 rdy_separator normal  vc_sep_pos_align_left animate animate1\" style=\"border-color: #5e9bff;border-top-width: 1px;border-style: solid;\" data-animation-delay=\"200\"><\/div>\n<div class=\"vc_empty_space  vc_empty_space_21\"   style=\"height: 40px\" ><span class=\"vc_empty_space_inner\"><\/span><\/div>\r\n<div class=\"rdy_button_align left\" ><a href=\"https:\/\/www.studiolegalemeazza.com\/en\/olivia-de-paris\/\"  class=\"rdy_button  no-radius uppercase medium icon-align-left custom outline-dimension button-22\" style=\"border-width: 2px!important; font-weight: 500; border-radius: 0px;-moz-border-radius: 0px;-webkit-border-radius: 0px; \"><i class=\"rdy-icon fas fa-arrow-left\" style=\"\"><\/i><span>Next<\/span><\/a><\/div><\/div><\/div><\/div><div class=\"wpb_column vc_column_container vc_col-sm-6 vc_column_container_69f1bb83686dc164331307\"><div class=\"vc_column-inner\"><div class=\"wpb_wrapper\"><\/div><\/div><\/div><div class=\"wpb_column vc_column_container vc_col-sm-3 vc_column_container_69f1bb8368811127682847\"><div class=\"vc_column-inner\"><div class=\"wpb_wrapper\">\r\n\t<div class=\"wpb_single_image wpb_single_image_23 wpb_content_element vc_align_right\">\r\n\t\t<div class=\"wpb_wrapper\">\r\n\t\t\t\r\n\t\t\t<div class=\"vc_single_image-wrapper   vc_box_border_grey\"><img loading=\"lazy\" decoding=\"async\" width=\"150\" height=\"150\" src=\"https:\/\/www.studiolegalemeazza.com\/wp-content\/uploads\/2024\/03\/IMG_Filisetti-e1710522203632-150x150.jpg\" class=\"vc_single_image-img attachment-thumbnail\" alt=\"\" title=\"Arianna Filisetti\" srcset=\"https:\/\/www.studiolegalemeazza.com\/wp-content\/uploads\/2024\/03\/IMG_Filisetti-e1710522203632-150x150.jpg 150w, https:\/\/www.studiolegalemeazza.com\/wp-content\/uploads\/2024\/03\/IMG_Filisetti-e1710522203632-700x700.jpg 700w\" sizes=\"auto, (max-width: 150px) 100vw, 150px\" \/><\/div>\r\n\t\t<\/div>\r\n\t<\/div>\r\n<div class=\"vc_empty_space  vc_empty_space_24\"   style=\"height: 20px\" ><span class=\"vc_empty_space_inner\"><\/span><\/div>\r\n<div class=\"vc_custom_heading vc_custom_heading_69f1bb8368f61069385245\" ><h6 style=\"text-align: right;font-family:Montserrat;font-weight:400;font-style:normal\"><span class=\"hilight\"  >Trainee lawyer<\/span><\/h6><\/div><div class=\"vc_empty_space  vc_empty_space_25\"   style=\"height: 10px\" ><span class=\"vc_empty_space_inner\"><\/span><\/div>\r\n<div class=\"vc_custom_heading vc_custom_heading_69f1bb8369127457076313\" ><h4 style=\"line-height: 1.2;text-align: right\"><span class=\"hilight\"  >Arianna<br \/>\nFilisetti<\/span><\/h4><\/div><div class=\"vc_empty_space  vc_empty_space_26\"   style=\"height: 10px\" ><span class=\"vc_empty_space_inner\"><\/span><\/div>\r\n<div class=\"rdy_separator_69f1bb836927d650440673 rdy_separator normal  vc_sep_pos_align_right animate animate1\" style=\"border-color: #5e9bff;border-top-width: 1px;border-style: solid;\" data-animation-delay=\"200\"><\/div>\n<div class=\"vc_empty_space  vc_empty_space_27\"   style=\"height: 40px\" ><span class=\"vc_empty_space_inner\"><\/span><\/div>\r\n<div class=\"rdy_button_align right\" ><a href=\"https:\/\/www.studiolegalemeazza.com\/en\/arianna-filisetti\/\"  class=\"rdy_button  no-radius uppercase medium icon-align-right custom outline-dimension button-28\" style=\"border-width: 2px!important; font-weight: 500; border-radius: 0px;-moz-border-radius: 0px;-webkit-border-radius: 0px; \"><span>Next<\/span><i class=\"rdy-icon fas fa-arrow-right\" style=\"\"><\/i><\/a><\/div><\/div><\/div><\/div><\/div><\/div><\/div><\/div>\n<\/section>","protected":false},"excerpt":{"rendered":"Avvocato Lorenzo Nicol\u00f2 Meazza Lorenzo Nicol\u00f2 Meazza \u00e8 avvocato penalista del Foro di Milano, Vicepresidente della Camera Penale di Milano, nonch\u00e9 componente della Commissione Giustizia Penale dell\u2019Ordine degli Avvocati di [...]","protected":false},"author":2,"featured_media":0,"parent":0,"menu_order":0,"comment_status":"closed","ping_status":"closed","template":"","meta":{"footnotes":""},"class_list":["post-12137","page","type-page","status-publish","hentry"],"yoast_head":"<!-- This site is optimized with the Yoast SEO plugin v22.2 - https:\/\/yoast.com\/wordpress\/plugins\/seo\/ -->\n<title>Lorenzo Nicol\u00f2 Meazza - Studio Legale Meazza<\/title>\n<meta name=\"robots\" content=\"index, follow, max-snippet:-1, max-image-preview:large, max-video-preview:-1\" \/>\n<link rel=\"canonical\" href=\"https:\/\/www.studiolegalemeazza.com\/en\/lorenzo-nicolo-meazza\/\" \/>\n<meta property=\"og:locale\" content=\"en_US\" \/>\n<meta property=\"og:type\" content=\"article\" \/>\n<meta property=\"og:title\" content=\"Lorenzo Nicol\u00f2 Meazza - Studio Legale Meazza\" \/>\n<meta property=\"og:url\" content=\"https:\/\/www.studiolegalemeazza.com\/en\/lorenzo-nicolo-meazza\/\" \/>\n<meta property=\"og:site_name\" content=\"Studio Legale Meazza\" \/>\n<meta property=\"article:modified_time\" content=\"2024-04-12T15:46:48+00:00\" \/>\n<meta name=\"twitter:card\" content=\"summary_large_image\" \/>\n<meta name=\"twitter:label1\" content=\"Est. reading time\" \/>\n\t<meta name=\"twitter:data1\" content=\"4 minutes\" \/>\n<script type=\"application\/ld+json\" class=\"yoast-schema-graph\">{\"@context\":\"https:\/\/schema.org\",\"@graph\":[{\"@type\":\"WebPage\",\"@id\":\"https:\/\/www.studiolegalemeazza.com\/lorenzo-nicolo-meazza\/\",\"url\":\"https:\/\/www.studiolegalemeazza.com\/lorenzo-nicolo-meazza\/\",\"name\":\"Lorenzo Nicol\u00f2 Meazza - Studio Legale Meazza\",\"isPartOf\":{\"@id\":\"https:\/\/www.studiolegalemeazza.com\/#website\"},\"datePublished\":\"2024-03-13T20:41:22+00:00\",\"dateModified\":\"2024-04-12T15:46:48+00:00\",\"breadcrumb\":{\"@id\":\"https:\/\/www.studiolegalemeazza.com\/lorenzo-nicolo-meazza\/#breadcrumb\"},\"inLanguage\":\"en-US\",\"potentialAction\":[{\"@type\":\"ReadAction\",\"target\":[\"https:\/\/www.studiolegalemeazza.com\/lorenzo-nicolo-meazza\/\"]}]},{\"@type\":\"BreadcrumbList\",\"@id\":\"https:\/\/www.studiolegalemeazza.com\/lorenzo-nicolo-meazza\/#breadcrumb\",\"itemListElement\":[{\"@type\":\"ListItem\",\"position\":1,\"name\":\"Home\",\"item\":\"https:\/\/www.studiolegalemeazza.com\/\"},{\"@type\":\"ListItem\",\"position\":2,\"name\":\"Lorenzo Nicol\u00f2 Meazza\"}]},{\"@type\":\"WebSite\",\"@id\":\"https:\/\/www.studiolegalemeazza.com\/#website\",\"url\":\"https:\/\/www.studiolegalemeazza.com\/\",\"name\":\"Studio Legale Meazza\",\"description\":\"\",\"potentialAction\":[{\"@type\":\"SearchAction\",\"target\":{\"@type\":\"EntryPoint\",\"urlTemplate\":\"https:\/\/www.studiolegalemeazza.com\/?s={search_term_string}\"},\"query-input\":\"required name=search_term_string\"}],\"inLanguage\":\"en-US\"}]}<\/script>\n<!-- \/ Yoast SEO plugin. -->","yoast_head_json":{"title":"Lorenzo Nicol\u00f2 Meazza - Studio Legale Meazza","robots":{"index":"index","follow":"follow","max-snippet":"max-snippet:-1","max-image-preview":"max-image-preview:large","max-video-preview":"max-video-preview:-1"},"canonical":"https:\/\/www.studiolegalemeazza.com\/en\/lorenzo-nicolo-meazza\/","og_locale":"en_US","og_type":"article","og_title":"Lorenzo Nicol\u00f2 Meazza - Studio Legale Meazza","og_url":"https:\/\/www.studiolegalemeazza.com\/en\/lorenzo-nicolo-meazza\/","og_site_name":"Studio Legale Meazza","article_modified_time":"2024-04-12T15:46:48+00:00","twitter_card":"summary_large_image","twitter_misc":{"Est. reading time":"4 minutes"},"schema":{"@context":"https:\/\/schema.org","@graph":[{"@type":"WebPage","@id":"https:\/\/www.studiolegalemeazza.com\/lorenzo-nicolo-meazza\/","url":"https:\/\/www.studiolegalemeazza.com\/lorenzo-nicolo-meazza\/","name":"Lorenzo Nicol\u00f2 Meazza - Studio Legale Meazza","isPartOf":{"@id":"https:\/\/www.studiolegalemeazza.com\/#website"},"datePublished":"2024-03-13T20:41:22+00:00","dateModified":"2024-04-12T15:46:48+00:00","breadcrumb":{"@id":"https:\/\/www.studiolegalemeazza.com\/lorenzo-nicolo-meazza\/#breadcrumb"},"inLanguage":"en-US","potentialAction":[{"@type":"ReadAction","target":["https:\/\/www.studiolegalemeazza.com\/lorenzo-nicolo-meazza\/"]}]},{"@type":"BreadcrumbList","@id":"https:\/\/www.studiolegalemeazza.com\/lorenzo-nicolo-meazza\/#breadcrumb","itemListElement":[{"@type":"ListItem","position":1,"name":"Home","item":"https:\/\/www.studiolegalemeazza.com\/"},{"@type":"ListItem","position":2,"name":"Lorenzo Nicol\u00f2 Meazza"}]},{"@type":"WebSite","@id":"https:\/\/www.studiolegalemeazza.com\/#website","url":"https:\/\/www.studiolegalemeazza.com\/","name":"Studio Legale Meazza","description":"","potentialAction":[{"@type":"SearchAction","target":{"@type":"EntryPoint","urlTemplate":"https:\/\/www.studiolegalemeazza.com\/?s={search_term_string}"},"query-input":"required name=search_term_string"}],"inLanguage":"en-US"}]}},"_links":{"self":[{"href":"https:\/\/www.studiolegalemeazza.com\/en\/wp-json\/wp\/v2\/pages\/12137","targetHints":{"allow":["GET"]}}],"collection":[{"href":"https:\/\/www.studiolegalemeazza.com\/en\/wp-json\/wp\/v2\/pages"}],"about":[{"href":"https:\/\/www.studiolegalemeazza.com\/en\/wp-json\/wp\/v2\/types\/page"}],"author":[{"embeddable":true,"href":"https:\/\/www.studiolegalemeazza.com\/en\/wp-json\/wp\/v2\/users\/2"}],"replies":[{"embeddable":true,"href":"https:\/\/www.studiolegalemeazza.com\/en\/wp-json\/wp\/v2\/comments?post=12137"}],"version-history":[{"count":53,"href":"https:\/\/www.studiolegalemeazza.com\/en\/wp-json\/wp\/v2\/pages\/12137\/revisions"}],"predecessor-version":[{"id":12139,"href":"https:\/\/www.studiolegalemeazza.com\/en\/wp-json\/wp\/v2\/pages\/12137\/revisions\/12139"}],"wp:attachment":[{"href":"https:\/\/www.studiolegalemeazza.com\/en\/wp-json\/wp\/v2\/media?parent=12137"}],"curies":[{"name":"wp","href":"https:\/\/api.w.org\/{rel}","templated":true}]}}